{"id":17,"date":"2021-10-04T14:55:51","date_gmt":"2021-10-04T14:55:51","guid":{"rendered":"https:\/\/halstein.qodeinteractive.com\/?page_id=17"},"modified":"2024-11-21T04:03:40","modified_gmt":"2024-11-21T03:03:40","slug":"main-home","status":"publish","type":"page","link":"https:\/\/www.impreport.com\/en\/","title":{"rendered":"Main Home"},"content":{"rendered":"<div data-elementor-type=\"wp-page\" data-elementor-id=\"17\" class=\"elementor elementor-17\">\n\t\t\t\t\t\t<section class=\"elementor-section elementor-top-section elementor-element elementor-element-585eb87f0 elementor-section-full_width elementor-section-height-default elementor-section-height-default wpr-particle-no wpr-jarallax-no wpr-parallax-no wpr-sticky-section-no qodef-elementor-content-no\" data-id=\"585eb87f0\" data-element_type=\"section\" data-settings=\"{&quot;background_background&quot;:&quot;video&quot;,&quot;background_video_link&quot;:&quot;https:\\\/\\\/www.impreport.com\\\\\\\/wp-content\\\/uploads\\\/2022\\\/01\\\/water-halstein.mp4&quot;,&quot;background_play_on_mobile&quot;:&quot;yes&quot;}\">\n\t\t\t\t\t\t\t\t<div class=\"elementor-background-video-container\">\n\t\t\t\t\t\t\t\t\t\t\t\t\t<video class=\"elementor-background-video-hosted elementor-html5-video\" autoplay muted playsinline loop><\/video>\n\t\t\t\t\t\t\t\t\t\t\t<\/div>\n\t\t\t\t\t\t\t\t<div class=\"elementor-container elementor-column-gap-no\">\n\t\t\t\t\t<div class=\"elementor-column elementor-col-100 elementor-top-column elementor-element elementor-element-7067a0e8\" data-id=\"7067a0e8\" data-element_type=\"column\">\n\t\t\t<div class=\"elementor-widget-wrap elementor-element-populated\">\n\t\t\t\t\t\t<div class=\"elementor-element elementor-element-15f8e2d6 wpr-adv-slider-columns-1 wpr-adv-slider-columns--tablet1 wpr-adv-slider-columns--mobile1 wpr-adv-slides-to-scroll-1 wpr-slider-dots-horizontal elementor-widget elementor-widget-wpr-advanced-slider\" data-id=\"15f8e2d6\" data-element_type=\"widget\" data-settings=\"{&quot;slider_amount&quot;:&quot;1&quot;,&quot;slider_amount_tablet&quot;:1,&quot;slider_amount_mobile&quot;:1,&quot;slides_to_scroll&quot;:1,&quot;slider_loop&quot;:&quot;yes&quot;,&quot;slider_video_btn_size&quot;:&quot;medium&quot;}\" data-widget_type=\"wpr-advanced-slider.default\">\n\t\t\t\t<div class=\"elementor-widget-container\">\n\t\t\t\n\t\t<!-- Advanced Slider -->\n\t\t<div class=\"wpr-advanced-slider-wrap\">\n\t\t\t\n\t\t\t<div class=\"wpr-advanced-slider\" dir=\"ltr\" data-slick=\"{&quot;rtl&quot;:false,&quot;infinite&quot;:true,&quot;speed&quot;:700,&quot;arrows&quot;:true,&quot;dots&quot;:true,&quot;autoplay&quot;:false,&quot;autoplaySpeed&quot;:0,&quot;pauseOnHover&quot;:&quot;&quot;,&quot;prevArrow&quot;:&quot;#wpr-slider-prev-15f8e2d6&quot;,&quot;nextArrow&quot;:&quot;#wpr-slider-next-15f8e2d6&quot;,&quot;vertical&quot;:false,&quot;adaptiveHeight&quot;:true}\" data-video-btn-size=\"{&quot;widescreen&quot;:&quot;medium&quot;,&quot;desktop&quot;:&quot;medium&quot;,&quot;laptop&quot;:&quot;medium&quot;,&quot;tablet_extra&quot;:&quot;medium&quot;,&quot;tablet&quot;:&quot;medium&quot;,&quot;mobile_extra&quot;:&quot;medium&quot;,&quot;mobile&quot;:&quot;medium&quot;}\" data-slide-effect=\"slide\">\n\t\t\t\t<div class=\"wpr-slider-item elementor-repeater-item-af2bb90\"><div class=\"wpr-slider-item-bg\" style=\"background-image: url()\"><\/div><div class=\"wpr-cv-container\"><div class=\"wpr-cv-outer\"><div class=\"wpr-cv-inner\"><div class=\"wpr-slider-content\"><div class=\"wpr-slider-sub-title\"><h3>About Impreport<\/h3><\/div><div class=\"wpr-slider-description\"><p>Impreport has been created to offer shipping, forwarding and agency services. Marine shipments, both in containers and conventional, as well as the assistance to the ship in port, have been the core business of the company since ever.<\/p><\/div><div class=\"wpr-slider-btns\"><a class=\"wpr-slider-secondary-btn\" href=\"https:\/\/www.impreport.com\/en\/about\/\">View more<\/a><\/div><\/div><\/div><\/div><\/div><\/div><div class=\"wpr-slider-item elementor-repeater-item-7f0dddd\"><div class=\"wpr-slider-item-bg\" style=\"background-image: url()\"><\/div><div class=\"wpr-cv-container\"><div class=\"wpr-cv-outer\"><div class=\"wpr-cv-inner\"><div class=\"wpr-slider-content\"><div class=\"wpr-slider-sub-title\"><h3>Forwarding Agency<\/h3><\/div><div class=\"wpr-slider-description\"><p>Door to door services from the origin to the final customer, including the handling of all customs formalities needed.\n\nThe company is specialised, since its origin, in transport activities both in containers and conventional, of processed steel: pipes, HRC and CRC, wire rods, billets, sheets,, etc etc.<\/p><\/div><div class=\"wpr-slider-btns\"><a class=\"wpr-slider-secondary-btn\" href=\"https:\/\/www.impreport.com\/en\/casa-di-spedizioni\/\">View more<\/a><\/div><\/div><\/div><\/div><\/div><\/div><div class=\"wpr-slider-item elementor-repeater-item-6794f74\"><div class=\"wpr-slider-item-bg\" style=\"background-image: url()\"><\/div><div class=\"wpr-cv-container\"><div class=\"wpr-cv-outer\"><div class=\"wpr-cv-inner\"><div class=\"wpr-slider-content\"><div class=\"wpr-slider-sub-title\"><h3>Shipping Agency<\/h3><\/div><div class=\"wpr-slider-description\"><p>The shipping agency service has been the strength of the company since ever. Thanks to high professional personal, the Company offers to its principals all agency services for both tramps and liners. \nFor liner cargoes, we negotiate the best rates with terminals and handle all steps of goods loading and unloading.. <\/p><\/div><div class=\"wpr-slider-btns\"><a class=\"wpr-slider-secondary-btn\" href=\"https:\/\/www.impreport.com\/en\/agenzia-marittima\/\">View more<\/a><\/div><\/div><\/div><\/div><\/div><\/div><div class=\"wpr-slider-item elementor-repeater-item-5635187\"><div class=\"wpr-slider-item-bg\" style=\"background-image: url()\"><\/div><div class=\"wpr-cv-container\"><div class=\"wpr-cv-outer\"><div class=\"wpr-cv-inner\"><div class=\"wpr-slider-content\"><div class=\"wpr-slider-sub-title\"><h3>Trucks transports<\/h3><\/div><div class=\"wpr-slider-description\"><p>We are being supported by selected truck\u2019s companies since more than thirty years, which we avail on thanks to their guarantee of services. We can then assure maximum efficiency of times of collection\/delivery keeping safety of transported goods at highest levels.<\/p><\/div><div class=\"wpr-slider-btns\"><a class=\"wpr-slider-secondary-btn\" href=\"https:\/\/www.impreport.com\/en\/trasporti-stradali\/\">View more<\/a><\/div><\/div><\/div><\/div><\/div><\/div>\t\t\t<\/div>\n\t\t\t<div class=\"wpr-slider-controls\">\n\t\t\t\t<div class=\"wpr-slider-dots\"><\/div>\n\t\t\t<\/div>\n\n\t\t\t<div class=\"wpr-slider-arrow-container\">\n\t\t\t\t<div class=\"wpr-slider-prev-arrow wpr-slider-arrow\" id=\"wpr-slider-prev-15f8e2d6\">\n\t\t\t\t\t<svg version=\"1.1\" xmlns=\"http:\/\/www.w3.org\/2000\/svg\" xmlns:xlink=\"http:\/\/www.w3.org\/1999\/xlink\" x=\"0px\" y=\"0px\" viewbox=\"0 0 283.4 512\" style=\"enable-background:new 0 0 283.4 512;\" xml:space=\"preserve\"><g><polygon class=\"st0\" points=\"54.5,256.3 283.4,485.1 256.1,512.5 0,256.3 0,256.3 27.2,229 256.1,0 283.4,27.4 \"\/><\/g><\/svg>\t\t\t\t<\/div>\n\t\t\t\t<div class=\"wpr-slider-next-arrow wpr-slider-arrow\" id=\"wpr-slider-next-15f8e2d6\">\n\t\t\t\t\t<svg version=\"1.1\" xmlns=\"http:\/\/www.w3.org\/2000\/svg\" xmlns:xlink=\"http:\/\/www.w3.org\/1999\/xlink\" x=\"0px\" y=\"0px\" viewbox=\"0 0 283.4 512\" style=\"enable-background:new 0 0 283.4 512;\" xml:space=\"preserve\"><g><polygon class=\"st0\" points=\"54.5,256.3 283.4,485.1 256.1,512.5 0,256.3 0,256.3 27.2,229 256.1,0 283.4,27.4 \"\/><\/g><\/svg>\t\t\t\t<\/div>\n\t\t\t<\/div>\n\t\t\t\n\t\t\t\n\t\t<\/div>\n\t\t\t\t<\/div>\n\t\t\t\t<\/div>\n\t\t\t\t\t<\/div>\n\t\t<\/div>\n\t\t\t\t\t<\/div>\n\t\t<\/section>\n\t\t\t\t<\/div>","protected":false},"excerpt":{"rendered":"<p>About Impreport Impreport nasce per offrire i servizi di agenzia marittima e casa di spedizioni. Le spedizioni marittime, sia in container che in convenzionale, e la gestione della nave in porto, rappresentano, da sempre, il core business dell\u2019azienda. Scopri di pi\u00f9 Casa di Spedizioni Servizi door to door dal luogo di origine della merce fino alla consegna al cliente finale, inclusa la gestione di tutte le formalit\u00e0 doganali richieste. La societ\u00e0 \u00e8 specializzata, fin dalla nascita, nel trasporto sia in containers che in convenzionale, di materiale siderurgico: tubi, HRC e CRC, vergella, billette, lamiere, etc etc. Scopri di pi\u00f9 Agenzia Marittima Il servizio di Agenzia Marittima \u00e8 da sempre un punto di forza della societ\u00e0. Grazie al personale altamente professionale la societ\u00e0 offre ai propri Principals, tutti i servizi di agenzia sia per navi tramp che di linea. Scopri di pi\u00f9 Trasporti Stradali Grazie ad autotrasportatori selezionati, con i quali abbiamo rapporti ultratrentennali, di fiducia e garanzia di servizio, garantiamo la massima efficienza su tempistiche di ritiro\/consegna mantenendo sempre altissima la sicurezza della merce trasportata. Scopri di pi\u00f9 %5921731812635199%%9781732158218776%<\/p>","protected":false},"author":1,"featured_media":0,"parent":0,"menu_order":0,"comment_status":"closed","ping_status":"closed","template":"page-full-width.php","meta":{"footnotes":""},"class_list":["post-17","page","type-page","status-publish","hentry"],"_links":{"self":[{"href":"https:\/\/www.impreport.com\/en\/wp-json\/wp\/v2\/pages\/17"}],"collection":[{"href":"https:\/\/www.impreport.com\/en\/wp-json\/wp\/v2\/pages"}],"about":[{"href":"https:\/\/www.impreport.com\/en\/wp-json\/wp\/v2\/types\/page"}],"author":[{"embeddable":true,"href":"https:\/\/www.impreport.com\/en\/wp-json\/wp\/v2\/users\/1"}],"replies":[{"embeddable":true,"href":"https:\/\/www.impreport.com\/en\/wp-json\/wp\/v2\/comments?post=17"}],"version-history":[{"count":77,"href":"https:\/\/www.impreport.com\/en\/wp-json\/wp\/v2\/pages\/17\/revisions"}],"predecessor-version":[{"id":10927,"href":"https:\/\/www.impreport.com\/en\/wp-json\/wp\/v2\/pages\/17\/revisions\/10927"}],"wp:attachment":[{"href":"https:\/\/www.impreport.com\/en\/wp-json\/wp\/v2\/media?parent=17"}],"curies":[{"name":"wp","href":"https:\/\/api.w.org\/{rel}","templated":true}]}}